{"id":1060,"date":"2024-03-25T11:42:40","date_gmt":"2024-03-25T14:42:40","guid":{"rendered":"https:\/\/rodrigobarcelos.com.br\/?page_id=1060"},"modified":"2024-08-04T16:59:48","modified_gmt":"2024-08-04T19:59:48","slug":"obrigado-consorcio-inteligente","status":"publish","type":"page","link":"https:\/\/rodrigobarcelos.com.br\/index.php\/consorcio-inteligente\/obrigado-consorcio-inteligente\/","title":{"rendered":"Obrigado Cons\u00f3rcio Inteligente"},"content":{"rendered":"\t\t<div data-elementor-type=\"wp-page\" data-elementor-id=\"1060\" class=\"elementor elementor-1060\" data-elementor-post-type=\"page\">\n\t\t\t\t<div class=\"elementor-element elementor-element-f179073 e-flex e-con-boxed e-con e-parent\" data-id=\"f179073\" data-element_type=\"container\" data-e-type=\"container\" data-settings=\"{&quot;background_background&quot;:&quot;classic&quot;,&quot;ekit_has_onepagescroll_dot&quot;:&quot;yes&quot;}\">\n\t\t\t\t\t<div class=\"e-con-inner\">\n\t\t<div class=\"elementor-element elementor-element-1c7b842 e-flex e-con-boxed e-con e-child\" data-id=\"1c7b842\" data-element_type=\"container\" data-e-type=\"container\" data-settings=\"{&quot;ekit_has_onepagescroll_dot&quot;:&quot;yes&quot;}\">\n\t\t\t\t\t<div class=\"e-con-inner\">\n\t\t\t\t<div class=\"elementor-element elementor-element-138837e elementor-widget elementor-widget-image\" data-id=\"138837e\" data-element_type=\"widget\" data-e-type=\"widget\" data-settings=\"{&quot;ekit_we_effect_on&quot;:&quot;none&quot;}\" data-widget_type=\"image.default\">\n\t\t\t\t<div class=\"elementor-widget-container\">\n\t\t\t\t\t\t\t\t\t\t\t\t\t\t\t<img fetchpriority=\"high\" decoding=\"async\" width=\"500\" height=\"250\" src=\"https:\/\/rodrigobarcelos.com.br\/wp-content\/uploads\/2024\/02\/Design-sem-nome-41.png\" class=\"attachment-full size-full wp-image-98\" alt=\"\" srcset=\"https:\/\/rodrigobarcelos.com.br\/wp-content\/uploads\/2024\/02\/Design-sem-nome-41.png 500w, https:\/\/rodrigobarcelos.com.br\/wp-content\/uploads\/2024\/02\/Design-sem-nome-41-300x150.png 300w\" sizes=\"(max-width: 500px) 100vw, 500px\" \/>\t\t\t\t\t\t\t\t\t\t\t\t\t\t\t<\/div>\n\t\t\t\t<\/div>\n\t\t\t\t<div class=\"elementor-element elementor-element-41727a9 elementor-widget elementor-widget-progress\" data-id=\"41727a9\" data-element_type=\"widget\" data-e-type=\"widget\" data-settings=\"{&quot;ekit_we_effect_on&quot;:&quot;none&quot;}\" data-widget_type=\"progress.default\">\n\t\t\t\t<div class=\"elementor-widget-container\">\n\t\t\t\t\t\t\t\t<span class=\"elementor-title\" id=\"elementor-progress-bar-41727a9\">\n\t\t\t\tFalta pouco para acessar o seu eBook...\t\t\t<\/span>\n\t\t\n\t\t<div aria-labelledby=\"elementor-progress-bar-41727a9\" class=\"elementor-progress-wrapper\" role=\"progressbar\" aria-valuemin=\"0\" aria-valuemax=\"100\" aria-valuenow=\"85\">\n\t\t\t<div class=\"elementor-progress-bar\" data-max=\"85\">\n\t\t\t\t<span class=\"elementor-progress-text\"><\/span>\n\t\t\t\t\t\t\t\t\t<span class=\"elementor-progress-percentage\">85%<\/span>\n\t\t\t\t\t\t\t<\/div>\n\t\t<\/div>\n\t\t\t\t\t\t<\/div>\n\t\t\t\t<\/div>\n\t\t\t\t<div class=\"elementor-element elementor-element-08433cb elementor-widget elementor-widget-heading\" data-id=\"08433cb\" data-element_type=\"widget\" data-e-type=\"widget\" data-settings=\"{&quot;ekit_we_effect_on&quot;:&quot;none&quot;}\" data-widget_type=\"heading.default\">\n\t\t\t\t<div class=\"elementor-widget-container\">\n\t\t\t\t\t<h2 class=\"elementor-heading-title elementor-size-default\">Muito Obrigado!<\/h2>\t\t\t\t<\/div>\n\t\t\t\t<\/div>\n\t\t<div class=\"elementor-element elementor-element-1286299 e-flex e-con-boxed e-con e-child\" data-id=\"1286299\" data-element_type=\"container\" data-e-type=\"container\" data-settings=\"{&quot;ekit_has_onepagescroll_dot&quot;:&quot;yes&quot;}\">\n\t\t\t\t\t<div class=\"e-con-inner\">\n\t\t\t\t<div class=\"elementor-element elementor-element-9a9be84 elementor-widget elementor-widget-video\" data-id=\"9a9be84\" data-element_type=\"widget\" data-e-type=\"widget\" data-settings=\"{&quot;video_type&quot;:&quot;hosted&quot;,&quot;autoplay&quot;:&quot;yes&quot;,&quot;controls&quot;:&quot;yes&quot;,&quot;ekit_we_effect_on&quot;:&quot;none&quot;}\" data-widget_type=\"video.default\">\n\t\t\t\t<div class=\"elementor-widget-container\">\n\t\t\t\t\t\t\t<div class=\"e-hosted-video elementor-wrapper elementor-open-inline\">\n\t\t\t\t\t<video class=\"elementor-video\" src=\"https:\/\/rodrigobarcelos.com.br\/wp-content\/uploads\/2024\/04\/rodrigo-agradecimento.mp4\" autoplay=\"\" controls=\"\" controlsList=\"nodownload\"><\/video>\n\t\t\t\t<\/div>\n\t\t\t\t\t\t<\/div>\n\t\t\t\t<\/div>\n\t\t\t\t\t<\/div>\n\t\t\t\t<\/div>\n\t\t\t\t<div class=\"elementor-element elementor-element-83e53f9 elementor-widget elementor-widget-text-editor\" data-id=\"83e53f9\" data-element_type=\"widget\" data-e-type=\"widget\" data-settings=\"{&quot;ekit_we_effect_on&quot;:&quot;none&quot;}\" data-widget_type=\"text-editor.default\">\n\t\t\t\t<div class=\"elementor-widget-container\">\n\t\t\t\t\t\t\t\t\t<p>Para acessar o seu eBook, basta clicar no bot\u00e3o abaixo. Voc\u00ea ser\u00e1 redirecionado diretamente ao seu <span style=\"text-decoration: underline;\"><em><strong>PDF<\/strong><\/em><\/span>.<\/p>\t\t\t\t\t\t\t\t<\/div>\n\t\t\t\t<\/div>\n\t\t\t\t<div class=\"elementor-element elementor-element-b8d5906 elementor-align-center elementor-widget elementor-widget-button\" data-id=\"b8d5906\" data-element_type=\"widget\" data-e-type=\"widget\" data-settings=\"{&quot;ekit_we_effect_on&quot;:&quot;none&quot;}\" data-widget_type=\"button.default\">\n\t\t\t\t<div class=\"elementor-widget-container\">\n\t\t\t\t\t\t\t\t\t<div class=\"elementor-button-wrapper\">\n\t\t\t\t\t<a class=\"elementor-button elementor-button-link elementor-size-sm elementor-animation-grow\" href=\"https:\/\/bit.ly\/3SBhqUC\" target=\"_blank\">\n\t\t\t\t\t\t<span class=\"elementor-button-content-wrapper\">\n\t\t\t\t\t\t\t\t\t<span class=\"elementor-button-text\">ACESSE O SEU E-BOOK<\/span>\n\t\t\t\t\t<\/span>\n\t\t\t\t\t<\/a>\n\t\t\t\t<\/div>\n\t\t\t\t\t\t\t\t<\/div>\n\t\t\t\t<\/div>\n\t\t\t\t\t<\/div>\n\t\t\t\t<\/div>\n\t\t\t\t<div class=\"elementor-element elementor-element-e82c05e elementor-view-default elementor-widget elementor-widget-icon\" data-id=\"e82c05e\" data-element_type=\"widget\" data-e-type=\"widget\" data-settings=\"{&quot;ekit_we_effect_on&quot;:&quot;none&quot;}\" data-widget_type=\"icon.default\">\n\t\t\t\t<div class=\"elementor-widget-container\">\n\t\t\t\t\t\t\t<div class=\"elementor-icon-wrapper\">\n\t\t\t<a class=\"elementor-icon\" href=\"#saiba-mais\">\n\t\t\t<i aria-hidden=\"true\" class=\"icon icon-down-arrow1\"><\/i>\t\t\t<\/a>\n\t\t<\/div>\n\t\t\t\t\t\t<\/div>\n\t\t\t\t<\/div>\n\t\t\t\t\t<\/div>\n\t\t\t\t<\/div>\n\t\t<div class=\"elementor-element elementor-element-d31ace1 e-flex e-con-boxed e-con e-parent\" data-id=\"d31ace1\" data-element_type=\"container\" data-e-type=\"container\" data-settings=\"{&quot;background_background&quot;:&quot;classic&quot;,&quot;ekit_has_onepagescroll_dot&quot;:&quot;yes&quot;}\">\n\t\t\t\t\t<div class=\"e-con-inner\">\n\t\t<div class=\"elementor-element elementor-element-0721025 e-con-full e-flex e-con e-child\" data-id=\"0721025\" data-element_type=\"container\" data-e-type=\"container\" data-settings=\"{&quot;ekit_has_onepagescroll_dot&quot;:&quot;yes&quot;}\">\n\t\t\t\t<div class=\"elementor-element elementor-element-0dea1aa elementor-widget elementor-widget-heading\" data-id=\"0dea1aa\" data-element_type=\"widget\" data-e-type=\"widget\" data-settings=\"{&quot;ekit_we_effect_on&quot;:&quot;none&quot;}\" data-widget_type=\"heading.default\">\n\t\t\t\t<div class=\"elementor-widget-container\">\n\t\t\t\t\t<h2 class=\"elementor-heading-title elementor-size-default\">Voc\u00ea liberou um acesso exclusivo ao nosso \u00c0udioBook sobre <span style=\"color: #C7A03F\"> <br>Cart\u00e3o de Cr\u00e9dito Cat\u00e1strofe! <\/span><\/h2>\t\t\t\t<\/div>\n\t\t\t\t<\/div>\n\t\t\t\t<div class=\"elementor-element elementor-element-8a5a790 elementor-widget elementor-widget-text-editor\" data-id=\"8a5a790\" data-element_type=\"widget\" data-e-type=\"widget\" data-settings=\"{&quot;ekit_we_effect_on&quot;:&quot;none&quot;}\" data-widget_type=\"text-editor.default\">\n\t\t\t\t<div class=\"elementor-widget-container\">\n\t\t\t\t\t\t\t\t\t<p>O \u00c0udioBook &#8220;Cart\u00e3o de Cr\u00e9dito: Cat\u00e1strofe Como Evitar&#8221; <strong>oferece dicas simples e pr\u00e1ticas para evitar problemas financeiros<\/strong> relacionados ao uso inadequado de cart\u00f5es de cr\u00e9dito.<\/p><p>Ele aborda t\u00f3picos como <strong>gerenciamento respons\u00e1vel do cr\u00e9dito,<\/strong> <strong>h\u00e1bitos de gastos saud\u00e1veis, pagamentos pontuais, seguran\u00e7a e prote\u00e7\u00e3o, <\/strong>al\u00e9m de estrat\u00e9gias para lidar com dificuldades financeiras.<\/p><p>Este guia \u00e9 <strong>uma ferramenta \u00fatil<\/strong> para quem busca usar o cart\u00e3o de cr\u00e9dito de forma consciente e <strong>proteger suas finan\u00e7as pessoais.<\/strong><\/p><p><strong>Adquira, hoje mesmo. \u00c9 gratuito!<\/strong><\/p>\t\t\t\t\t\t\t\t<\/div>\n\t\t\t\t<\/div>\n\t\t\t\t<div class=\"elementor-element elementor-element-5b9e2bb elementor-widget__width-inherit elementor-widget elementor-widget-elementskit-creative-button\" data-id=\"5b9e2bb\" data-element_type=\"widget\" data-e-type=\"widget\" data-settings=\"{&quot;ekit_we_effect_on&quot;:&quot;none&quot;}\" data-widget_type=\"elementskit-creative-button.default\">\n\t\t\t\t<div class=\"elementor-widget-container\">\n\t\t\t\t\t<div class=\"ekit-wid-con\" >\t\t<div class=\"ekit-btn-wraper\">\n\t\t\t\t\t\t\t\t<a href=\"https:\/\/rodrigobarcelos.com.br\/index.php\/como-evitar-a-catastrofe-do-cartao-de-credito\/\" data-text=\"\" class=\"ekit_creative_button ekit_slide_in_line ekit_slide_text_right ekit_btn_splash \" >\n\n\t\t\t\t\t\t\t\t\t\t\t\t\t\t\t\t\t\t\t\n\t\t\t\t\t\t<span class=\"ekit_creative_button_text\">QUERO SABER MAIS <\/span>\n\n\t\t\t\t\t\t\n\t\t\t\t\t\t\t\t\t\t\t<\/a>\n\t\t\t\t\t\t<\/div>\n        <\/div>\t\t\t\t<\/div>\n\t\t\t\t<\/div>\n\t\t\t\t<\/div>\n\t\t<div class=\"elementor-element elementor-element-de56a18 e-con-full e-flex e-con e-child\" data-id=\"de56a18\" data-element_type=\"container\" data-e-type=\"container\" data-settings=\"{&quot;ekit_has_onepagescroll_dot&quot;:&quot;yes&quot;}\">\n\t\t\t\t<div class=\"elementor-element elementor-element-b3574e5 elementor-widget elementor-widget-image\" data-id=\"b3574e5\" data-element_type=\"widget\" data-e-type=\"widget\" data-settings=\"{&quot;ekit_we_effect_on&quot;:&quot;none&quot;}\" data-widget_type=\"image.default\">\n\t\t\t\t<div class=\"elementor-widget-container\">\n\t\t\t\t\t\t\t\t\t\t\t\t\t\t\t<img decoding=\"async\" width=\"1080\" height=\"1080\" src=\"https:\/\/rodrigobarcelos.com.br\/wp-content\/uploads\/2024\/03\/consorcio-inteligente-4.png\" class=\"attachment-full size-full wp-image-851\" alt=\"consorcio-inteligente\" srcset=\"https:\/\/rodrigobarcelos.com.br\/wp-content\/uploads\/2024\/03\/consorcio-inteligente-4.png 1080w, https:\/\/rodrigobarcelos.com.br\/wp-content\/uploads\/2024\/03\/consorcio-inteligente-4-300x300.png 300w, https:\/\/rodrigobarcelos.com.br\/wp-content\/uploads\/2024\/03\/consorcio-inteligente-4-1024x1024.png 1024w, https:\/\/rodrigobarcelos.com.br\/wp-content\/uploads\/2024\/03\/consorcio-inteligente-4-150x150.png 150w, https:\/\/rodrigobarcelos.com.br\/wp-content\/uploads\/2024\/03\/consorcio-inteligente-4-768x768.png 768w\" sizes=\"(max-width: 1080px) 100vw, 1080px\" \/>\t\t\t\t\t\t\t\t\t\t\t\t\t\t\t<\/div>\n\t\t\t\t<\/div>\n\t\t\t\t<\/div>\n\t\t\t\t\t<\/div>\n\t\t\t\t<\/div>\n\t\t<div class=\"elementor-element elementor-element-86e7bdf e-flex e-con-boxed e-con e-parent\" data-id=\"86e7bdf\" data-element_type=\"container\" data-e-type=\"container\" data-settings=\"{&quot;background_background&quot;:&quot;classic&quot;,&quot;ekit_has_onepagescroll_dot&quot;:&quot;yes&quot;}\">\n\t\t\t\t\t<div class=\"e-con-inner\">\n\t\t\t\t<div class=\"elementor-element elementor-element-bec1620 elementor-widget elementor-widget-heading\" data-id=\"bec1620\" data-element_type=\"widget\" data-e-type=\"widget\" data-settings=\"{&quot;ekit_we_effect_on&quot;:&quot;none&quot;}\" data-widget_type=\"heading.default\">\n\t\t\t\t<div class=\"elementor-widget-container\">\n\t\t\t\t\t<h2 class=\"elementor-heading-title elementor-size-default\">Todos os direitos reservados.<\/h2>\t\t\t\t<\/div>\n\t\t\t\t<\/div>\n\t\t\t\t\t<\/div>\n\t\t\t\t<\/div>\n\t\t\t\t<\/div>\n\t\t","protected":false},"excerpt":{"rendered":"<p>Falta pouco para acessar o seu eBook&#8230; 85% Muito Obrigado! https:\/\/rodrigobarcelos.com.br\/wp-content\/uploads\/2024\/04\/rodrigo-agradecimento.mp4 Para acessar o seu eBook, basta clicar no bot\u00e3o [&hellip;]<\/p>\n","protected":false},"author":1,"featured_media":0,"parent":869,"menu_order":0,"comment_status":"closed","ping_status":"closed","template":"elementor_canvas","meta":{"site-sidebar-layout":"no-sidebar","site-content-layout":"","ast-site-content-layout":"full-width-container","site-content-style":"default","site-sidebar-style":"default","ast-global-header-display":"","ast-banner-title-visibility":"","ast-main-header-display":"","ast-hfb-above-header-display":"","ast-hfb-below-header-display":"","ast-hfb-mobile-header-display":"","site-post-title":"disabled","ast-breadcrumbs-content":"","ast-featured-img":"disabled","footer-sml-layout":"","theme-transparent-header-meta":"","adv-header-id-meta":"","stick-header-meta":"","header-above-stick-meta":"","header-main-stick-meta":"","header-below-stick-meta":"","astra-migrate-meta-layouts":"default","ast-page-background-enabled":"default","ast-page-background-meta":{"desktop":{"background-color":"var(--ast-global-color-4)","background-image":"","background-repeat":"repeat","background-position":"center center","background-size":"auto","background-attachment":"scroll","background-type":"","background-media":"","overlay-type":"","overlay-color":"","overlay-gradient":""},"tablet":{"background-color":"","background-image":"","background-repeat":"repeat","background-position":"center center","background-size":"auto","background-attachment":"scroll","background-type":"","background-media":"","overlay-type":"","overlay-color":"","overlay-gradient":""},"mobile":{"background-color":"","background-image":"","background-repeat":"repeat","background-position":"center center","background-size":"auto","background-attachment":"scroll","background-type":"","background-media":"","overlay-type":"","overlay-color":"","overlay-gradient":""}},"ast-content-background-meta":{"desktop":{"background-color":"var(--ast-global-color-5)","background-image":"","background-repeat":"repeat","background-position":"center center","background-size":"auto","background-attachment":"scroll","background-type":"","background-media":"","overlay-type":"","overlay-color":"","overlay-gradient":""},"tablet":{"background-color":"var(--ast-global-color-5)","background-image":"","background-repeat":"repeat","background-position":"center center","background-size":"auto","background-attachment":"scroll","background-type":"","background-media":"","overlay-type":"","overlay-color":"","overlay-gradient":""},"mobile":{"background-color":"var(--ast-global-color-5)","background-image":"","background-repeat":"repeat","background-position":"center center","background-size":"auto","background-attachment":"scroll","background-type":"","background-media":"","overlay-type":"","overlay-color":"","overlay-gradient":""}},"footnotes":""},"class_list":["post-1060","page","type-page","status-publish","hentry"],"_links":{"self":[{"href":"https:\/\/rodrigobarcelos.com.br\/index.php\/wp-json\/wp\/v2\/pages\/1060","targetHints":{"allow":["GET"]}}],"collection":[{"href":"https:\/\/rodrigobarcelos.com.br\/index.php\/wp-json\/wp\/v2\/pages"}],"about":[{"href":"https:\/\/rodrigobarcelos.com.br\/index.php\/wp-json\/wp\/v2\/types\/page"}],"author":[{"embeddable":true,"href":"https:\/\/rodrigobarcelos.com.br\/index.php\/wp-json\/wp\/v2\/users\/1"}],"replies":[{"embeddable":true,"href":"https:\/\/rodrigobarcelos.com.br\/index.php\/wp-json\/wp\/v2\/comments?post=1060"}],"version-history":[{"count":67,"href":"https:\/\/rodrigobarcelos.com.br\/index.php\/wp-json\/wp\/v2\/pages\/1060\/revisions"}],"predecessor-version":[{"id":2340,"href":"https:\/\/rodrigobarcelos.com.br\/index.php\/wp-json\/wp\/v2\/pages\/1060\/revisions\/2340"}],"up":[{"embeddable":true,"href":"https:\/\/rodrigobarcelos.com.br\/index.php\/wp-json\/wp\/v2\/pages\/869"}],"wp:attachment":[{"href":"https:\/\/rodrigobarcelos.com.br\/index.php\/wp-json\/wp\/v2\/media?parent=1060"}],"curies":[{"name":"wp","href":"https:\/\/api.w.org\/{rel}","templated":true}]}}